{"id":201,"date":"2018-12-07T12:51:06","date_gmt":"2018-12-07T12:51:06","guid":{"rendered":"https:\/\/ceesguqam.com\/all-courses\/"},"modified":"2024-11-20T13:20:04","modified_gmt":"2024-11-20T13:20:04","slug":"formations","status":"publish","type":"page","link":"https:\/\/ceesguqam.com\/en\/formations\/","title":{"rendered":"Training"},"content":{"rendered":"<div data-elementor-type=\"wp-post\" data-elementor-id=\"201\" class=\"elementor elementor-201\" data-elementor-post-type=\"page\">\n\t\t\t\t<div class=\"elementor-element elementor-element-f46f18d e-flex e-con-boxed e-con e-parent\" data-id=\"f46f18d\" data-element_type=\"container\" data-e-type=\"container\" data-settings=\"{&quot;background_background&quot;:&quot;classic&quot;}\">\n\t\t\t\t\t<div class=\"e-con-inner\">\n\t\t<div class=\"elementor-element elementor-element-b63bc43 e-con-full e-flex e-con e-child\" data-id=\"b63bc43\" data-element_type=\"container\" data-e-type=\"container\">\n\t\t\t\t<div class=\"elementor-element elementor-element-89d77b9 elementor-widget elementor-widget-image-box\" data-id=\"89d77b9\" data-element_type=\"widget\" data-e-type=\"widget\" data-widget_type=\"image-box.default\">\n\t\t\t\t<div class=\"elementor-widget-container\">\n\t\t\t\t\t<div class=\"elementor-image-box-wrapper\"><div class=\"elementor-image-box-content\"><h1 class=\"elementor-image-box-title\">Training<\/h1><\/div><\/div>\t\t\t\t<\/div>\n\t\t\t\t<\/div>\n\t\t\t\t<\/div>\n\t\t\t\t\t<\/div>\n\t\t\t\t<\/div>\n\t\t<div class=\"elementor-element elementor-element-6eb1695 e-flex e-con-boxed e-con e-parent\" data-id=\"6eb1695\" data-element_type=\"container\" data-e-type=\"container\">\n\t\t\t\t\t<div class=\"e-con-inner\">\n\t\t<div class=\"elementor-element elementor-element-ae4545f e-con-full e-flex e-con e-child\" data-id=\"ae4545f\" data-element_type=\"container\" data-e-type=\"container\">\n\t\t\t\t<div class=\"elementor-element elementor-element-06acd38 elementor-widget elementor-widget-shortcode\" data-id=\"06acd38\" data-element_type=\"widget\" data-e-type=\"widget\" data-widget_type=\"shortcode.default\">\n\t\t\t\t<div class=\"elementor-widget-container\">\n\t\t\t\t\t\t\t<div class=\"elementor-shortcode\"><div id=\"ld-course-list-content-320da68e3242b042fc5391cb08bb605e\" class=\"ld-course-list-content\" data-shortcode-atts=\"{&quot;categoryselector&quot;:&quot;true&quot;,&quot;progress_bar&quot;:&quot;true&quot;,&quot;order&quot;:&quot;desc&quot;,&quot;col&quot;:&quot;3&quot;}\">\n\t\t\t<div class=\"ld-course-list-items row\">\n\t<!-- LearnDash Course Grid v1 --><div class=\"ld_course_grid col-sm-8 col-md-4\">\n\t<article id=\"post-27033\" class=\"thumbnail course post-27033 sfwd-courses type-sfwd-courses status-publish has-post-thumbnail hentry\">\n\t\t\t\t\t\n\t\t\t\t\t\t<a href=\"https:\/\/ceesguqam.com\/en\/courses\/reussir-son-repreneuriat-en-restauration\/\" rel=\"bookmark\">\n\t\t\t\t<img fetchpriority=\"high\" decoding=\"async\" width=\"300\" height=\"300\" src=\"https:\/\/ceesguqam.com\/wp-content\/uploads\/2025\/02\/Repreneuriat-en-restauration--300x300.jpg\" class=\"attachment-medium size-medium wp-post-image\" alt=\"\" srcset=\"https:\/\/ceesguqam.com\/wp-content\/uploads\/2025\/02\/Repreneuriat-en-restauration--300x300.jpg 300w, https:\/\/ceesguqam.com\/wp-content\/uploads\/2025\/02\/Repreneuriat-en-restauration--150x150.jpg 150w, https:\/\/ceesguqam.com\/wp-content\/uploads\/2025\/02\/Repreneuriat-en-restauration--12x12.jpg 12w, https:\/\/ceesguqam.com\/wp-content\/uploads\/2025\/02\/Repreneuriat-en-restauration-.jpg 727w\" sizes=\"(max-width: 300px) 100vw, 300px\" \/>\t\t\t<\/a>\n\t\t\t\t\t\n\t\t\t\t\t<div class=\"caption\">\n\t\t\t\t<h3 class=\"entry-title\">R\u00e9ussir son repreneuriat en restauration<\/h3>\n\t\t\t\t\t\t\t\t<div class=\"entry-content\"><p>Cette formation en ligne vous guide \u00e0 chaque \u00e9tape du processus : \u00e9valuation des opportunit\u00e9s, financement, gestion des op\u00e9rations et optimisation de la rentabilit\u00e9.<\/p>\n<\/div>\n\t\t\t\t\t\t\t\t<div class=\"ld_course_grid_button\"><a class=\"btn btn-primary\" role=\"button\" href=\"https:\/\/ceesguqam.com\/en\/courses\/reussir-son-repreneuriat-en-restauration\/\" rel=\"bookmark\">Enroll Now<\/a><\/div>\n\t\t\t\t\t\t\t\t\t\t\t\t\t\t\t\t\t\t\t\t\t\t\t\t\t\t\t<\/div><!-- .entry-header -->\n\t\t\t<\/article><!-- #post-## -->\n<\/div><!-- .ld_course_grid -->\n<!-- LearnDash Course Grid v1 --><div class=\"ld_course_grid col-sm-8 col-md-4\">\n\t<article id=\"post-26947\" class=\"thumbnail course post-26947 sfwd-courses type-sfwd-courses status-publish has-post-thumbnail hentry\">\n\t\t\t\t\t\n\t\t\t\t\t\t<a href=\"https:\/\/ceesguqam.com\/en\/courses\/les-principes-de-base-de-lemballage-eco-responsable-chez-les-pme\/\" rel=\"bookmark\">\n\t\t\t\t<img decoding=\"async\" width=\"300\" height=\"300\" src=\"https:\/\/ceesguqam.com\/wp-content\/uploads\/2025\/02\/Emballage-1-300x300.png\" class=\"attachment-medium size-medium wp-post-image\" alt=\"\" srcset=\"https:\/\/ceesguqam.com\/wp-content\/uploads\/2025\/02\/Emballage-1-300x300.png 300w, https:\/\/ceesguqam.com\/wp-content\/uploads\/2025\/02\/Emballage-1-150x150.png 150w, https:\/\/ceesguqam.com\/wp-content\/uploads\/2025\/02\/Emballage-1-12x12.png 12w, https:\/\/ceesguqam.com\/wp-content\/uploads\/2025\/02\/Emballage-1.png 727w\" sizes=\"(max-width: 300px) 100vw, 300px\" \/>\t\t\t<\/a>\n\t\t\t\t\t\n\t\t\t\t\t<div class=\"caption\">\n\t\t\t\t<h3 class=\"entry-title\">Les principes de base de l\u2019emballage \u00c9co-responsable chez les PME<\/h3>\n\t\t\t\t\t\t\t\t<div class=\"entry-content\"><p>Ce cours en ligne explore les principes de l\u2019\u00e9co-emballage dans une approche de d\u00e9veloppement durable.<\/p>\n<\/div>\n\t\t\t\t\t\t\t\t<div class=\"ld_course_grid_button\"><a class=\"btn btn-primary\" role=\"button\" href=\"https:\/\/ceesguqam.com\/en\/courses\/les-principes-de-base-de-lemballage-eco-responsable-chez-les-pme\/\" rel=\"bookmark\">Enroll Now<\/a><\/div>\n\t\t\t\t\t\t\t\t\t\t\t\t\t\t\t\t\t\t\t\t\t\t\t\t\t\t\t<\/div><!-- .entry-header -->\n\t\t\t<\/article><!-- #post-## -->\n<\/div><!-- .ld_course_grid -->\n<!-- LearnDash Course Grid v1 --><div class=\"ld_course_grid col-sm-8 col-md-4\">\n\t<article id=\"post-26523\" class=\"thumbnail course post-26523 sfwd-courses type-sfwd-courses status-publish has-post-thumbnail hentry\">\n\t\t\t\t\t\n\t\t\t\t\t\t<a href=\"https:\/\/ceesguqam.com\/en\/courses\/repreneuriat-au-quebec-2\/\" rel=\"bookmark\">\n\t\t\t\t<img decoding=\"async\" width=\"300\" height=\"300\" src=\"https:\/\/ceesguqam.com\/wp-content\/uploads\/2024\/11\/Entrepreneurship-300x300.jpg\" class=\"attachment-medium size-medium wp-post-image\" alt=\"\" srcset=\"https:\/\/ceesguqam.com\/wp-content\/uploads\/2024\/11\/Entrepreneurship-300x300.jpg 300w, https:\/\/ceesguqam.com\/wp-content\/uploads\/2024\/11\/Entrepreneurship-1024x1024.jpg 1024w, https:\/\/ceesguqam.com\/wp-content\/uploads\/2024\/11\/Entrepreneurship-150x150.jpg 150w, https:\/\/ceesguqam.com\/wp-content\/uploads\/2024\/11\/Entrepreneurship-768x768.jpg 768w, https:\/\/ceesguqam.com\/wp-content\/uploads\/2024\/11\/Entrepreneurship-12x12.jpg 12w, https:\/\/ceesguqam.com\/wp-content\/uploads\/2024\/11\/Entrepreneurship.jpg 1080w\" sizes=\"(max-width: 300px) 100vw, 300px\" \/>\t\t\t<\/a>\n\t\t\t\t\t\n\t\t\t\t\t<div class=\"caption\">\n\t\t\t\t<h3 class=\"entry-title\">Le repreneuriat au Qu\u00e9bec : une opportunit\u00e9 pour les PME<\/h3>\n\t\t\t\t\t\t\t\t<div class=\"entry-content\"><p>Ce cours en ligne offre un aper\u00e7u strat\u00e9gique du repreneuriat au Qu\u00e9bec, en mettant l\u2019accent sur les opportunit\u00e9s et les d\u00e9fis li\u00e9s \u00e0 la reprise d\u2019une PME.<\/p>\n<\/div>\n\t\t\t\t\t\t\t\t<div class=\"ld_course_grid_button\"><a class=\"btn btn-primary\" role=\"button\" href=\"https:\/\/ceesguqam.com\/en\/courses\/repreneuriat-au-quebec-2\/\" rel=\"bookmark\">Enroll Now<\/a><\/div>\n\t\t\t\t\t\t\t\t\t\t\t\t\t\t\t\t\t\t\t\t\t\t\t\t\t\t\t<\/div><!-- .entry-header -->\n\t\t\t<\/article><!-- #post-## -->\n<\/div><!-- .ld_course_grid -->\n<!-- LearnDash Course Grid v1 --><div class=\"ld_course_grid col-sm-8 col-md-4\">\n\t<article id=\"post-26022\" class=\"thumbnail course post-26022 sfwd-courses type-sfwd-courses status-publish has-post-thumbnail hentry ld_course_category-free\">\n\t\t\t\t\t\n\t\t\t\t\t\t<a href=\"https:\/\/ceesguqam.com\/en\/courses\/chemin-du-financement-entrepreneurial\/\" rel=\"bookmark\">\n\t\t\t\t<img loading=\"lazy\" decoding=\"async\" width=\"300\" height=\"300\" src=\"https:\/\/ceesguqam.com\/wp-content\/uploads\/2024\/05\/Chemin-du-financement-entrepreneurial-300x300.jpg\" class=\"attachment-medium size-medium wp-post-image\" alt=\"\" srcset=\"https:\/\/ceesguqam.com\/wp-content\/uploads\/2024\/05\/Chemin-du-financement-entrepreneurial-300x300.jpg 300w, https:\/\/ceesguqam.com\/wp-content\/uploads\/2024\/05\/Chemin-du-financement-entrepreneurial-1024x1024.jpg 1024w, https:\/\/ceesguqam.com\/wp-content\/uploads\/2024\/05\/Chemin-du-financement-entrepreneurial-150x150.jpg 150w, https:\/\/ceesguqam.com\/wp-content\/uploads\/2024\/05\/Chemin-du-financement-entrepreneurial-768x768.jpg 768w, https:\/\/ceesguqam.com\/wp-content\/uploads\/2024\/05\/Chemin-du-financement-entrepreneurial-12x12.jpg 12w, https:\/\/ceesguqam.com\/wp-content\/uploads\/2024\/05\/Chemin-du-financement-entrepreneurial.jpg 1080w\" sizes=\"(max-width: 300px) 100vw, 300px\" \/>\t\t\t<\/a>\n\t\t\t\t\t\n\t\t\t\t\t<div class=\"caption\">\n\t\t\t\t<h3 class=\"entry-title\">Path to entrepreneurial financing<\/h3>\n\t\t\t\t\t\t\t\t<div class=\"entry-content\"><p>Guide \u00e0 travers les diff\u00e9rentes options de financement, de l\u2019amor\u00e7age aux investissements plus structur\u00e9s.<\/p>\n<\/div>\n\t\t\t\t\t\t\t\t<div class=\"ld_course_grid_button\"><a class=\"btn btn-primary\" role=\"button\" href=\"https:\/\/ceesguqam.com\/en\/courses\/chemin-du-financement-entrepreneurial\/\" rel=\"bookmark\">Enroll Now<\/a><\/div>\n\t\t\t\t\t\t\t\t\t\t\t\t\t\t\t\t\t\t\t\t\t\t\t\t\t\t\t<\/div><!-- .entry-header -->\n\t\t\t<\/article><!-- #post-## -->\n<\/div><!-- .ld_course_grid -->\n<!-- LearnDash Course Grid v1 --><div class=\"ld_course_grid col-sm-8 col-md-4\">\n\t<article id=\"post-26019\" class=\"thumbnail course post-26019 sfwd-courses type-sfwd-courses status-publish has-post-thumbnail hentry ld_course_category-free\">\n\t\t\t\t\t\n\t\t\t\t\t\t<a href=\"https:\/\/ceesguqam.com\/en\/courses\/repreneuriat-athletes\/\" rel=\"bookmark\">\n\t\t\t\t<img loading=\"lazy\" decoding=\"async\" width=\"300\" height=\"300\" src=\"https:\/\/ceesguqam.com\/wp-content\/uploads\/2025\/01\/Repreneuriat_Athlete-300x300.png\" class=\"attachment-medium size-medium wp-post-image\" alt=\"\" srcset=\"https:\/\/ceesguqam.com\/wp-content\/uploads\/2025\/01\/Repreneuriat_Athlete-300x300.png 300w, https:\/\/ceesguqam.com\/wp-content\/uploads\/2025\/01\/Repreneuriat_Athlete-150x150.png 150w, https:\/\/ceesguqam.com\/wp-content\/uploads\/2025\/01\/Repreneuriat_Athlete-12x12.png 12w, https:\/\/ceesguqam.com\/wp-content\/uploads\/2025\/01\/Repreneuriat_Athlete.png 727w\" sizes=\"(max-width: 300px) 100vw, 300px\" \/>\t\t\t<\/a>\n\t\t\t\t\t\n\t\t\t\t\t<div class=\"caption\">\n\t\t\t\t<h3 class=\"entry-title\">Le repreneuriat au Qu\u00e9bec : une nouvelle voie pour les athl\u00e8tes en deuxi\u00e8me carri\u00e8re<\/h3>\n\t\t\t\t\t\t\t\t<div class=\"entry-content\"><p>Ce cours en ligne est con\u00e7u pour les athl\u00e8tes en transition vers une nouvelle carri\u00e8re, en leur pr\u00e9sentant le repreneuriat comme une option strat\u00e9gique.<\/p>\n<\/div>\n\t\t\t\t\t\t\t\t<div class=\"ld_course_grid_button\"><a class=\"btn btn-primary\" role=\"button\" href=\"https:\/\/ceesguqam.com\/en\/courses\/repreneuriat-athletes\/\" rel=\"bookmark\">Enroll Now<\/a><\/div>\n\t\t\t\t\t\t\t\t\t\t\t\t\t\t\t\t\t\t\t\t\t\t\t\t\t\t\t<\/div><!-- .entry-header -->\n\t\t\t<\/article><!-- #post-## -->\n<\/div><!-- .ld_course_grid -->\n<!-- LearnDash Course Grid v1 --><div class=\"ld_course_grid col-sm-8 col-md-4\">\n\t<article id=\"post-26013\" class=\"thumbnail course post-26013 sfwd-courses type-sfwd-courses status-publish has-post-thumbnail hentry ld_course_category-free\">\n\t\t\t\t\t\n\t\t\t\t\t\t<a href=\"https:\/\/ceesguqam.com\/en\/courses\/les-principes-de-base-de-lentrepreneuriat\/\" rel=\"bookmark\">\n\t\t\t\t<img loading=\"lazy\" decoding=\"async\" width=\"300\" height=\"300\" src=\"https:\/\/ceesguqam.com\/wp-content\/uploads\/2024\/05\/Les-principes-de-base-de-lentrepreneuriat-300x300.jpg\" class=\"attachment-medium size-medium wp-post-image\" alt=\"\" srcset=\"https:\/\/ceesguqam.com\/wp-content\/uploads\/2024\/05\/Les-principes-de-base-de-lentrepreneuriat-300x300.jpg 300w, https:\/\/ceesguqam.com\/wp-content\/uploads\/2024\/05\/Les-principes-de-base-de-lentrepreneuriat-1024x1024.jpg 1024w, https:\/\/ceesguqam.com\/wp-content\/uploads\/2024\/05\/Les-principes-de-base-de-lentrepreneuriat-150x150.jpg 150w, https:\/\/ceesguqam.com\/wp-content\/uploads\/2024\/05\/Les-principes-de-base-de-lentrepreneuriat-768x768.jpg 768w, https:\/\/ceesguqam.com\/wp-content\/uploads\/2024\/05\/Les-principes-de-base-de-lentrepreneuriat-12x12.jpg 12w, https:\/\/ceesguqam.com\/wp-content\/uploads\/2024\/05\/Les-principes-de-base-de-lentrepreneuriat.jpg 1080w\" sizes=\"(max-width: 300px) 100vw, 300px\" \/>\t\t\t<\/a>\n\t\t\t\t\t\n\t\t\t\t\t<div class=\"caption\">\n\t\t\t\t<h3 class=\"entry-title\">Les principes de base de l&#8217;entrepreneuriat<\/h3>\n\t\t\t\t\t\t\t\t<div class=\"entry-content\"><p>Les \u00e9tapes cl\u00e9s pour transformer une id\u00e9e en entreprise structur\u00e9e.<\/p>\n<\/div>\n\t\t\t\t\t\t\t\t<div class=\"ld_course_grid_button\"><a class=\"btn btn-primary\" role=\"button\" href=\"https:\/\/ceesguqam.com\/en\/courses\/les-principes-de-base-de-lentrepreneuriat\/\" rel=\"bookmark\">Enroll Now<\/a><\/div>\n\t\t\t\t\t\t\t\t\t\t\t\t\t\t\t\t\t\t\t\t\t\t\t\t\t\t\t<\/div><!-- .entry-header -->\n\t\t\t<\/article><!-- #post-## -->\n<\/div><!-- .ld_course_grid -->\n\t<\/div>\n\t\t\t<\/div>\n\t\t<\/div>\n\t\t\t\t\t\t<\/div>\n\t\t\t\t<\/div>\n\t\t\t\t<\/div>\n\t\t\t\t\t<\/div>\n\t\t\t\t<\/div>\n\t\t\t\t<\/div>","protected":false},"excerpt":{"rendered":"<p>Training<\/p>","protected":false},"author":1,"featured_media":0,"parent":0,"menu_order":0,"comment_status":"closed","ping_status":"closed","template":"","meta":{"site-sidebar-layout":"no-sidebar","site-content-layout":"page-builder","ast-site-content-layout":"default","site-content-style":"default","site-sidebar-style":"default","ast-global-header-display":"","ast-banner-title-visibility":"","ast-main-header-display":"","ast-hfb-above-header-display":"","ast-hfb-below-header-display":"","ast-hfb-mobile-header-display":"","site-post-title":"disabled","ast-breadcrumbs-content":"","ast-featured-img":"disabled","footer-sml-layout":"","ast-disable-related-posts":"","theme-transparent-header-meta":"enabled","adv-header-id-meta":"","stick-header-meta":"","header-above-stick-meta":"","header-main-stick-meta":"","header-below-stick-meta":"","astra-migrate-meta-layouts":"default","ast-page-background-enabled":"default","ast-page-background-meta":{"desktop":{"background-color":"","background-image":"","background-repeat":"repeat","background-position":"center center","background-size":"auto","background-attachment":"scroll","background-type":"","background-media":"","overlay-type":"","overlay-color":"","overlay-opacity":"","overlay-gradient":""},"tablet":{"background-color":"","background-image":"","background-repeat":"repeat","background-position":"center center","background-size":"auto","background-attachment":"scroll","background-type":"","background-media":"","overlay-type":"","overlay-color":"","overlay-opacity":"","overlay-gradient":""},"mobile":{"background-color":"","background-image":"","background-repeat":"repeat","background-position":"center center","background-size":"auto","background-attachment":"scroll","background-type":"","background-media":"","overlay-type":"","overlay-color":"","overlay-opacity":"","overlay-gradient":""}},"ast-content-background-meta":{"desktop":{"background-color":"var(--ast-global-color-5)","background-image":"","background-repeat":"repeat","background-position":"center center","background-size":"auto","background-attachment":"scroll","background-type":"","background-media":"","overlay-type":"","overlay-color":"","overlay-opacity":"","overlay-gradient":""},"tablet":{"background-color":"var(--ast-global-color-5)","background-image":"","background-repeat":"repeat","background-position":"center center","background-size":"auto","background-attachment":"scroll","background-type":"","background-media":"","overlay-type":"","overlay-color":"","overlay-opacity":"","overlay-gradient":""},"mobile":{"background-color":"var(--ast-global-color-5)","background-image":"","background-repeat":"repeat","background-position":"center center","background-size":"auto","background-attachment":"scroll","background-type":"","background-media":"","overlay-type":"","overlay-color":"","overlay-opacity":"","overlay-gradient":""}},"footnotes":""},"class_list":["post-201","page","type-page","status-publish","hentry"],"_links":{"self":[{"href":"https:\/\/ceesguqam.com\/en\/wp-json\/wp\/v2\/pages\/201","targetHints":{"allow":["GET"]}}],"collection":[{"href":"https:\/\/ceesguqam.com\/en\/wp-json\/wp\/v2\/pages"}],"about":[{"href":"https:\/\/ceesguqam.com\/en\/wp-json\/wp\/v2\/types\/page"}],"author":[{"embeddable":true,"href":"https:\/\/ceesguqam.com\/en\/wp-json\/wp\/v2\/users\/1"}],"replies":[{"embeddable":true,"href":"https:\/\/ceesguqam.com\/en\/wp-json\/wp\/v2\/comments?post=201"}],"version-history":[{"count":52,"href":"https:\/\/ceesguqam.com\/en\/wp-json\/wp\/v2\/pages\/201\/revisions"}],"predecessor-version":[{"id":26407,"href":"https:\/\/ceesguqam.com\/en\/wp-json\/wp\/v2\/pages\/201\/revisions\/26407"}],"wp:attachment":[{"href":"https:\/\/ceesguqam.com\/en\/wp-json\/wp\/v2\/media?parent=201"}],"curies":[{"name":"wp","href":"https:\/\/api.w.org\/{rel}","templated":true}]}}